{"id":50,"date":"2020-05-25T09:32:06","date_gmt":"2020-05-25T09:32:06","guid":{"rendered":"http:\/\/wp.okis.hu\/?page_id=50"},"modified":"2020-10-30T11:43:33","modified_gmt":"2020-10-30T11:43:33","slug":"tovabbi-oldalak","status":"publish","type":"page","link":"https:\/\/wp.okis.hu\/?page_id=50","title":{"rendered":"Tov\u00e1bbi oldalak"},"content":{"rendered":"\n<p>Ide j\u00f6n minden olyan oldal k\u00f6z\u00f6s inform\u00e1ci\u00f3ja \u00e9s hivatkoz\u00e1sa, amelyek a men\u00fcrendszerb\u0151l nem \u00e9rhet\u0151ek el. Ezek k\u00f6z\u00fcl t\u00f6bb (8 db) ki is emelhet\u0151.<\/p>\n","protected":false},"excerpt":{"rendered":"<p>Ide j\u00f6n minden olyan oldal k\u00f6z\u00f6s inform\u00e1ci\u00f3ja \u00e9s hivatkoz\u00e1sa, amelyek a men\u00fcrendszerb\u0151l nem \u00e9rhet\u0151ek el. Ezek k\u00f6z\u00fcl t\u00f6bb (8 db) ki is emelhet\u0151.<\/p>\n","protected":false},"author":1,"featured_media":0,"parent":0,"menu_order":961,"comment_status":"closed","ping_status":"closed","template":"","meta":{"footnotes":""},"class_list":["post-50","page","type-page","status-publish","hentry"],"_links":{"self":[{"href":"https:\/\/wp.okis.hu\/index.php?rest_route=\/wp\/v2\/pages\/50","targetHints":{"allow":["GET"]}}],"collection":[{"href":"https:\/\/wp.okis.hu\/index.php?rest_route=\/wp\/v2\/pages"}],"about":[{"href":"https:\/\/wp.okis.hu\/index.php?rest_route=\/wp\/v2\/types\/page"}],"author":[{"embeddable":true,"href":"https:\/\/wp.okis.hu\/index.php?rest_route=\/wp\/v2\/users\/1"}],"replies":[{"embeddable":true,"href":"https:\/\/wp.okis.hu\/index.php?rest_route=%2Fwp%2Fv2%2Fcomments&post=50"}],"version-history":[{"count":1,"href":"https:\/\/wp.okis.hu\/index.php?rest_route=\/wp\/v2\/pages\/50\/revisions"}],"predecessor-version":[{"id":51,"href":"https:\/\/wp.okis.hu\/index.php?rest_route=\/wp\/v2\/pages\/50\/revisions\/51"}],"wp:attachment":[{"href":"https:\/\/wp.okis.hu\/index.php?rest_route=%2Fwp%2Fv2%2Fmedia&parent=50"}],"curies":[{"name":"wp","href":"https:\/\/api.w.org\/{rel}","templated":true}]}}