{"id":37,"date":"2020-05-24T22:34:30","date_gmt":"2020-05-24T22:34:30","guid":{"rendered":"http:\/\/wp.okis.hu\/?page_id=37"},"modified":"2020-10-30T16:44:10","modified_gmt":"2020-10-30T16:44:10","slug":"szabalyzatok","status":"publish","type":"page","link":"https:\/\/wp.okis.hu\/?page_id=37","title":{"rendered":"Szab\u00e1lyzatok"},"content":{"rendered":"\n<div class=\"folder\">\n<p><a href=\"\/?page_id=213\"><img decoding=\"async\" src=\"\/icons\/folder-up.png\" alt=\"\" onmouseover=\"this.src='\/icons\/folder.png'\" onmouseout=\"this.src='\/icons\/folder-up.png'\"><\/a>Cookie (s\u00fcti) kezel\u00e9si szab\u00e1lyzat<\/p>\n<\/div>\n","protected":false},"excerpt":{"rendered":"<p>Cookie (s\u00fcti) kezel\u00e9si szab\u00e1lyzat<\/p>\n","protected":false},"author":1,"featured_media":0,"parent":0,"menu_order":902,"comment_status":"closed","ping_status":"closed","template":"","meta":{"footnotes":""},"class_list":["post-37","page","type-page","status-publish","hentry"],"_links":{"self":[{"href":"https:\/\/wp.okis.hu\/index.php?rest_route=\/wp\/v2\/pages\/37","targetHints":{"allow":["GET"]}}],"collection":[{"href":"https:\/\/wp.okis.hu\/index.php?rest_route=\/wp\/v2\/pages"}],"about":[{"href":"https:\/\/wp.okis.hu\/index.php?rest_route=\/wp\/v2\/types\/page"}],"author":[{"embeddable":true,"href":"https:\/\/wp.okis.hu\/index.php?rest_route=\/wp\/v2\/users\/1"}],"replies":[{"embeddable":true,"href":"https:\/\/wp.okis.hu\/index.php?rest_route=%2Fwp%2Fv2%2Fcomments&post=37"}],"version-history":[{"count":8,"href":"https:\/\/wp.okis.hu\/index.php?rest_route=\/wp\/v2\/pages\/37\/revisions"}],"predecessor-version":[{"id":226,"href":"https:\/\/wp.okis.hu\/index.php?rest_route=\/wp\/v2\/pages\/37\/revisions\/226"}],"wp:attachment":[{"href":"https:\/\/wp.okis.hu\/index.php?rest_route=%2Fwp%2Fv2%2Fmedia&parent=37"}],"curies":[{"name":"wp","href":"https:\/\/api.w.org\/{rel}","templated":true}]}}