{"id":3,"date":"2020-05-05T12:26:12","date_gmt":"2020-05-05T12:26:12","guid":{"rendered":"http:\/\/wp.okis.hu\/?page_id=3"},"modified":"2020-10-30T11:41:55","modified_gmt":"2020-10-30T11:41:55","slug":"adatkezelesi-tajekoztato","status":"publish","type":"page","link":"https:\/\/wp.okis.hu\/?page_id=3","title":{"rendered":"T\u00e1j\u00e9koztat\u00f3k"},"content":{"rendered":"\n<div><a href=\"http:\/\/fuge.fbamsz.hu\" target=\"_blank\" rel=\"noopener noreferrer\"><img decoding=\"async\" src=\"\/icons\/fuge-up.png\" alt=\"\" onmouseover=\"this.src='\/icons\/fuge.png'\" onmouseout=\"this.src='\/icons\/fuge-up.png'\"><\/a><\/div>\n","protected":false},"excerpt":{"rendered":"","protected":false},"author":1,"featured_media":0,"parent":0,"menu_order":901,"comment_status":"closed","ping_status":"open","template":"onecolumn-page.php","meta":{"footnotes":""},"class_list":["post-3","page","type-page","status-publish","hentry"],"_links":{"self":[{"href":"https:\/\/wp.okis.hu\/index.php?rest_route=\/wp\/v2\/pages\/3","targetHints":{"allow":["GET"]}}],"collection":[{"href":"https:\/\/wp.okis.hu\/index.php?rest_route=\/wp\/v2\/pages"}],"about":[{"href":"https:\/\/wp.okis.hu\/index.php?rest_route=\/wp\/v2\/types\/page"}],"author":[{"embeddable":true,"href":"https:\/\/wp.okis.hu\/index.php?rest_route=\/wp\/v2\/users\/1"}],"replies":[{"embeddable":true,"href":"https:\/\/wp.okis.hu\/index.php?rest_route=%2Fwp%2Fv2%2Fcomments&post=3"}],"version-history":[{"count":12,"href":"https:\/\/wp.okis.hu\/index.php?rest_route=\/wp\/v2\/pages\/3\/revisions"}],"predecessor-version":[{"id":173,"href":"https:\/\/wp.okis.hu\/index.php?rest_route=\/wp\/v2\/pages\/3\/revisions\/173"}],"wp:attachment":[{"href":"https:\/\/wp.okis.hu\/index.php?rest_route=%2Fwp%2Fv2%2Fmedia&parent=3"}],"curies":[{"name":"wp","href":"https:\/\/api.w.org\/{rel}","templated":true}]}}