{"id":22,"date":"2020-05-19T08:36:53","date_gmt":"2020-05-19T08:36:53","guid":{"rendered":"http:\/\/wp.okis.hu\/?page_id=22"},"modified":"2020-10-29T12:29:32","modified_gmt":"2020-10-29T12:29:32","slug":"rolunk","status":"publish","type":"page","link":"https:\/\/wp.okis.hu\/?page_id=22","title":{"rendered":"R\u00f3lunk"},"content":{"rendered":"\n<p>C\u00e9g\u00fcnk a Pannon Safe Biztos\u00edt\u00e1si Alkusz Kft. \u00e9rt\u00e9kes\u00edt\u00e9si partnerek\u00e9nt v\u00e9gez biztos\u00edt\u00e1sk\u00f6zvet\u00edt\u0151i tev\u00e9kenys\u00e9get. Felm\u00e9ri, kidolgozza, \u00e9s kezeli leend\u0151 \u00fcgyfelei biztos\u00edt\u00e1si ig\u00e9nyeit a legoptim\u00e1lisabb megold\u00e1st ny\u00fajtva sz\u00e1mukra, t\u00f6bb mint 25 \u00e9ves szakmai tapasztalattal.<\/p>\n\n\n\n<p>T\u00f6bb mint 20 Magyarorsz\u00e1gon enged\u00e9llyel m\u0171k\u00f6d\u0151 biztos\u00edt\u00f3t\u00e1rsas\u00e1g sz\u00e1mtalan m\u00f3dozat\u00e1b\u00f3l a legmegfelel\u0151bb konstrukci\u00f3 kiv\u00e1laszt\u00e1sa gyakran komoly neh\u00e9zs\u00e9get jelent megb\u00edz\u00f3ink sz\u00e1m\u00e1ra.<\/p>\n\n\n\n<p>F\u0151 feladatunk, hogy \u00fcgyfeleink megb\u00edz\u00e1sa alapj\u00e1n, \u0151ket k\u00e9pviselve, a biztos\u00edt\u00f3t\u00f3l f\u00fcggetlen\u00fcl, a legel\u0151ny\u00f6sebb megold\u00e1st k\u00edn\u00e1ljuk biztos\u00edt\u00e1si ig\u00e9nyeikre.<\/p>\n","protected":false},"excerpt":{"rendered":"<p>C\u00e9g\u00fcnk a Pannon Safe Biztos\u00edt\u00e1si Alkusz Kft. \u00e9rt\u00e9kes\u00edt\u00e9si partnerek\u00e9nt v\u00e9gez biztos\u00edt\u00e1sk\u00f6zvet\u00edt\u0151i tev\u00e9kenys\u00e9get. Felm\u00e9ri, kidolgozza, \u00e9s kezeli leend\u0151 \u00fcgyfelei biztos\u00edt\u00e1si ig\u00e9nyeit a legoptim\u00e1lisabb megold\u00e1st ny\u00fajtva sz\u00e1mukra, t\u00f6bb mint 25 \u00e9ves szakmai tapasztalattal. T\u00f6bb mint 20 Magyarorsz\u00e1gon enged\u00e9llyel m\u0171k\u00f6d\u0151 biztos\u00edt\u00f3t\u00e1rsas\u00e1g sz\u00e1mtalan m\u00f3dozat\u00e1b\u00f3l a legmegfelel\u0151bb konstrukci\u00f3 kiv\u00e1laszt\u00e1sa gyakran komoly neh\u00e9zs\u00e9get jelent megb\u00edz\u00f3ink sz\u00e1m\u00e1ra. F\u0151 feladatunk, hogy \u00fcgyfeleink megb\u00edz\u00e1sa [&hellip;]<\/p>\n","protected":false},"author":1,"featured_media":0,"parent":0,"menu_order":400,"comment_status":"closed","ping_status":"closed","template":"","meta":{"footnotes":""},"class_list":["post-22","page","type-page","status-publish","hentry"],"_links":{"self":[{"href":"https:\/\/wp.okis.hu\/index.php?rest_route=\/wp\/v2\/pages\/22","targetHints":{"allow":["GET"]}}],"collection":[{"href":"https:\/\/wp.okis.hu\/index.php?rest_route=\/wp\/v2\/pages"}],"about":[{"href":"https:\/\/wp.okis.hu\/index.php?rest_route=\/wp\/v2\/types\/page"}],"author":[{"embeddable":true,"href":"https:\/\/wp.okis.hu\/index.php?rest_route=\/wp\/v2\/users\/1"}],"replies":[{"embeddable":true,"href":"https:\/\/wp.okis.hu\/index.php?rest_route=%2Fwp%2Fv2%2Fcomments&post=22"}],"version-history":[{"count":10,"href":"https:\/\/wp.okis.hu\/index.php?rest_route=\/wp\/v2\/pages\/22\/revisions"}],"predecessor-version":[{"id":175,"href":"https:\/\/wp.okis.hu\/index.php?rest_route=\/wp\/v2\/pages\/22\/revisions\/175"}],"wp:attachment":[{"href":"https:\/\/wp.okis.hu\/index.php?rest_route=%2Fwp%2Fv2%2Fmedia&parent=22"}],"curies":[{"name":"wp","href":"https:\/\/api.w.org\/{rel}","templated":true}]}}