{"id":21,"date":"2020-05-19T08:36:53","date_gmt":"2020-05-19T08:36:53","guid":{"rendered":"http:\/\/wp.okis.hu\/?page_id=21"},"modified":"2020-10-30T14:40:51","modified_gmt":"2020-10-30T14:40:51","slug":"elerhetoseg","status":"publish","type":"page","link":"https:\/\/wp.okis.hu\/?page_id=21","title":{"rendered":"El\u00e9rhet\u0151s\u00e9g"},"content":{"rendered":"\n<figure class=\"wp-block-table is-style-stripes\"><table><tbody><tr><td width=\"150px\">N\u00e9v:<\/td><td><strong>Fair21 P\u00e9nz\u00fcgyi Tan\u00e1csad\u00f3 \u00e9s Biztos\u00edt\u00e1s K\u00f6zvet\u00edt\u0151 Kft.<\/strong><\/td><\/tr><tr><td>Sz\u00e9khely:<\/td><td><strong>1068 Budapest, Bencz\u00far u. 5.<\/strong><\/td><\/tr><tr><td>Telefax\/Fax:<\/td><td><strong>+36 (1) 322-5282<\/strong><\/td><\/tr><tr><td>Telefax\/Fax:<\/td><td><strong>+36 (1) 322-5027<\/strong><\/td><\/tr><tr><td>E-mail:<\/td><td><strong>fair21&nbsp;@&nbsp;fair21.hu<\/strong><\/td><\/tr><tr><td><h2>Tov\u00e1bbi adataink<\/h2><\/td><\/tr><tr><td>Ad\u00f3sz\u00e1m:<\/td><td><strong>12210031-1-42<\/strong><\/td><\/tr><tr><td>C\u00e9gjegyz\u00e9ksz\u00e1m:<\/td><td><strong>01-09-565104<\/strong><\/td><\/tr><tr><td>Alap\u00edtva:<\/td><td><strong>1996. december 15.<\/strong><\/td><\/tr><\/tbody><\/table><\/figure>\n\n\n<p align=\"center\"><iframe loading=\"lazy\" style=\"border: 1px solid #e0e0e0;\" tabindex=\"0\" src=\"https:\/\/www.google.com\/maps\/embed?pb=!1m18!1m12!1m3!1d1905.6337441618293!2d19.06941168612118!3d47.50991536158982!2m3!1f0!2f0!3f0!3m2!1i1024!2i768!4f13.1!3m3!1m2!1s0x4741dc70952e48ff%3A0xdea57c9dc8f1411d!2sFair%2021%20Kft.!5e0!3m2!1shu!2shu!4v1603795272262!5m2!1shu!2shu\" width=\"880\" height=\"450\" frameborder=\"0\" allowfullscreen=\"allowfullscreen\" aria-hidden=\"false\"><\/iframe><\/p>","protected":false},"excerpt":{"rendered":"<p>N\u00e9v: Fair21 P\u00e9nz\u00fcgyi Tan\u00e1csad\u00f3 \u00e9s Biztos\u00edt\u00e1s K\u00f6zvet\u00edt\u0151 Kft. Sz\u00e9khely: 1068 Budapest, Bencz\u00far u. 5. Telefax\/Fax: +36 (1) 322-5282 Telefax\/Fax: +36 (1) 322-5027 E-mail: fair21&nbsp;@&nbsp;fair21.hu Tov\u00e1bbi adataink Ad\u00f3sz\u00e1m: 12210031-1-42 C\u00e9gjegyz\u00e9ksz\u00e1m: 01-09-565104 Alap\u00edtva: 1996. december 15.<\/p>\n","protected":false},"author":1,"featured_media":0,"parent":0,"menu_order":300,"comment_status":"closed","ping_status":"closed","template":"","meta":{"footnotes":""},"class_list":["post-21","page","type-page","status-publish","hentry"],"_links":{"self":[{"href":"https:\/\/wp.okis.hu\/index.php?rest_route=\/wp\/v2\/pages\/21","targetHints":{"allow":["GET"]}}],"collection":[{"href":"https:\/\/wp.okis.hu\/index.php?rest_route=\/wp\/v2\/pages"}],"about":[{"href":"https:\/\/wp.okis.hu\/index.php?rest_route=\/wp\/v2\/types\/page"}],"author":[{"embeddable":true,"href":"https:\/\/wp.okis.hu\/index.php?rest_route=\/wp\/v2\/users\/1"}],"replies":[{"embeddable":true,"href":"https:\/\/wp.okis.hu\/index.php?rest_route=%2Fwp%2Fv2%2Fcomments&post=21"}],"version-history":[{"count":28,"href":"https:\/\/wp.okis.hu\/index.php?rest_route=\/wp\/v2\/pages\/21\/revisions"}],"predecessor-version":[{"id":212,"href":"https:\/\/wp.okis.hu\/index.php?rest_route=\/wp\/v2\/pages\/21\/revisions\/212"}],"wp:attachment":[{"href":"https:\/\/wp.okis.hu\/index.php?rest_route=%2Fwp%2Fv2%2Fmedia&parent=21"}],"curies":[{"name":"wp","href":"https:\/\/api.w.org\/{rel}","templated":true}]}}