{"id":176,"date":"2020-10-30T12:48:00","date_gmt":"2020-10-30T12:48:00","guid":{"rendered":"http:\/\/wp.okis.hu\/?page_id=176"},"modified":"2020-11-05T18:06:32","modified_gmt":"2020-11-05T18:06:32","slug":"megkereses-kerese","status":"publish","type":"page","link":"https:\/\/wp.okis.hu\/?page_id=176","title":{"rendered":"Szem\u00e9lyes megkeres\u00e9s k\u00e9r\u00e9se"},"content":{"rendered":"\n<p>Az \u0171rlap kit\u00f6lt\u00e9se el\u0151tt k\u00e9rem olvassa el az al\u00e1bbi&nbsp;<a href=\"\/?page_id=206\" data-type=\"URL\" data-id=\"\/?page_id=206\" target=\"_blank\" rel=\"noreferrer noopener\">nyilatkozatot<\/a>!<\/p>\n\n\n\n<p style=\"clear: both;\">\n<form method=\"post\" action=\"\/cgiemail.php\" onsubmit=\"return CheckForm(this);\">\n<input type=\"hidden\" name=\"success\" value=\"\/?page_id=179\">\n<input type=\"hidden\" name=\"form\" value=\"fair21.txt\">\n\n<h2>Szem\u00e9lyes adatok<\/h2>\n<table cellspacing=\"5\" cellpadding=\"5\" border=\"0\">\n  <tr><td id=\"label150\">Aj\u00e1nlatk\u00e9r\u0151 neve (*)<\/td><td><input type=\"text\" size=\"50\" name=\"nev\" value=\"\"><\/td><\/tr>\n  <tr><td id=\"label150\">E-mail (*)<\/td><td id=\"red\"><input type=\"text\" size=\"50\" name=\"email\" value=\"\"><\/td><\/tr>\n  <tr><td id=\"label150\">Telefonsz\u00e1m<\/td><td id=\"red\"><input type=\"text\" size=\"20\" name=\"telefon\" value=\"\"><\/td><\/tr>\n  <tr><td id=\"label150\">Megye<\/td>\n    <td id=\"red\"><select name=\"megye\">\n      <option value=\"\">K\u00e9rj\u00fck v\u00e1lasszon!<\/option>\n      <option>Budapest<\/option>\n      <option>&#8212;&#8211;<\/option>\n      <option>B\u00e1cs-Kiskun<\/option>\n      <option>Baranya<\/option>\n      <option>B\u00e9k\u00e9s<\/option>\n      <option>Borsod-Aba\u00faj-Zempl\u00e9n<\/option>\n      <option>Csongr\u00e1d-Csan\u00e1d<\/option>\n      <option>Fej\u00e9r<\/option>\n      <option>Gy\u0151r-Moson-Sopron<\/option>\n      <option>Hajd\u00fa-Bihar<\/option>\n      <option>Heves<\/option>\n      <option>J\u00e1sz-Nagykun-Szolnok<\/option>\n      <option>Kom\u00e1rom-Esztergom<\/option>\n      <option>N\u00f3gr\u00e1d<\/option>\n      <option>Pest<\/option>\n      <option>Somogy<\/option>\n      <option>Szabolcs-Szatm\u00e1r-Bereg<\/option>\n      <option>Tolna<\/option>\n      <option>Vas<\/option>\n      <option>Veszpr\u00e9m<\/option>\n      <option>Zala<\/option>\n      <\/select>\n    <\/td>\n  <\/tr>\n  <tr><td id=\"label150\">Telep\u00fcl\u00e9s<\/td><td id=\"red\"><input type=\"text\" size=\"50\" name=\"telepules\" value=\"\"><\/td><\/tr>\n  <tr><td id=\"label150\">Term\u00e9kk\u00f6r<\/td>\n    <td id=\"red\"><select name=\"termek\">\n      <option value=\"\">K\u00e9rj\u00fck v\u00e1lasszon!<\/option>\n      <option>V\u00e1llalati &#8211; Vagyonbiztos\u00edt\u00e1s<\/option>\n      <option>V\u00e1llalati &#8211; Felel\u0151ss\u00e9gbitos\u00edt\u00e1s<\/option>\n      <option>V\u00e1llalati &#8211; G\u00e9pj\u00e1rm\u0171 biztos\u00edt\u00e1s<\/option>\n      <option>V\u00e1llalati &#8211; Szem\u00e9lybiztos\u00edt\u00e1s<\/option>\n      <option>V\u00e1llalati &#8211; Hitelbiztos\u00edt\u00e1s<\/option>\n      <option>&#8212;&#8211;<\/option>\n      <option>Lakoss\u00e1gi &#8211; Vagyonbiztos\u00edt\u00e1s<\/option>\n      <option>Lakoss\u00e1gi &#8211; G\u00e9pj\u00e1rm\u0171 biztos\u00edt\u00e1s<\/option>\n      <option>Lakoss\u00e1gi &#8211; Szem\u00e9lybiztos\u00edt\u00e1s<\/option>\n      <\/select>\n    <\/td>\n  <\/tr>\n  <tr><td id=\"label150\">Sz\u00f6veges kieg\u00e9sz\u00edt\u00e9s<\/td><td><textarea name=\"egyeb\" rows=\"10\" cols=\"60\"><\/textarea><\/td><\/tr>\n  <tr><td id=\"label150\">Nyilatkozat (*)<\/td><td><input type=\"checkbox\" name=\"nyilatkozat\"> &#8211; A Nyilatkozatot elolvastam \u00e9s elfogadom!<\/td><\/tr>\n  <tr><td id=\"label150\">&nbsp;<\/td><td><input class=\"button\" name=\"ok\" type=\"submit\" value=\"K\u00fcld\u00e9s\">&nbsp;<input class=\"button\" name=\"no\" type=\"reset\" value=\"T\u00f6rl\u00e9s\"><\/td><\/tr>\n<\/table>\n<\/form>\n<\/p>\n\n\n\n<p><\/p>\n","protected":false},"excerpt":{"rendered":"<p>Az \u0171rlap kit\u00f6lt\u00e9se el\u0151tt k\u00e9rem olvassa el az al\u00e1bbi&nbsp;nyilatkozatot! Szem\u00e9lyes adatok Aj\u00e1nlatk\u00e9r\u0151 neve (*) E-mail (*) Telefonsz\u00e1m Megye K\u00e9rj\u00fck v\u00e1lasszon!Budapest&#8212;&#8211;B\u00e1cs-KiskunBaranyaB\u00e9k\u00e9sBorsod-Aba\u00faj-Zempl\u00e9nCsongr\u00e1d-Csan\u00e1dFej\u00e9rGy\u0151r-Moson-SopronHajd\u00fa-BiharHevesJ\u00e1sz-Nagykun-SzolnokKom\u00e1rom-EsztergomN\u00f3gr\u00e1dPestSomogySzabolcs-Szatm\u00e1r-BeregTolnaVasVeszpr\u00e9mZala Telep\u00fcl\u00e9s Term\u00e9kk\u00f6r K\u00e9rj\u00fck v\u00e1lasszon!V\u00e1llalati &#8211; Vagyonbiztos\u00edt\u00e1sV\u00e1llalati &#8211; Felel\u0151ss\u00e9gbitos\u00edt\u00e1sV\u00e1llalati &#8211; G\u00e9pj\u00e1rm\u0171 biztos\u00edt\u00e1sV\u00e1llalati &#8211; Szem\u00e9lybiztos\u00edt\u00e1sV\u00e1llalati &#8211; Hitelbiztos\u00edt\u00e1s&#8212;&#8211;Lakoss\u00e1gi &#8211; Vagyonbiztos\u00edt\u00e1sLakoss\u00e1gi &#8211; G\u00e9pj\u00e1rm\u0171 biztos\u00edt\u00e1sLakoss\u00e1gi &#8211; Szem\u00e9lybiztos\u00edt\u00e1s Sz\u00f6veges kieg\u00e9sz\u00edt\u00e9s Nyilatkozat (*) &#8211; A Nyilatkozatot elolvastam \u00e9s elfogadom! &nbsp; &nbsp;<\/p>\n","protected":false},"author":1,"featured_media":0,"parent":0,"menu_order":981,"comment_status":"closed","ping_status":"closed","template":"","meta":{"footnotes":""},"class_list":["post-176","page","type-page","status-publish","hentry"],"_links":{"self":[{"href":"https:\/\/wp.okis.hu\/index.php?rest_route=\/wp\/v2\/pages\/176","targetHints":{"allow":["GET"]}}],"collection":[{"href":"https:\/\/wp.okis.hu\/index.php?rest_route=\/wp\/v2\/pages"}],"about":[{"href":"https:\/\/wp.okis.hu\/index.php?rest_route=\/wp\/v2\/types\/page"}],"author":[{"embeddable":true,"href":"https:\/\/wp.okis.hu\/index.php?rest_route=\/wp\/v2\/users\/1"}],"replies":[{"embeddable":true,"href":"https:\/\/wp.okis.hu\/index.php?rest_route=%2Fwp%2Fv2%2Fcomments&post=176"}],"version-history":[{"count":10,"href":"https:\/\/wp.okis.hu\/index.php?rest_route=\/wp\/v2\/pages\/176\/revisions"}],"predecessor-version":[{"id":238,"href":"https:\/\/wp.okis.hu\/index.php?rest_route=\/wp\/v2\/pages\/176\/revisions\/238"}],"wp:attachment":[{"href":"https:\/\/wp.okis.hu\/index.php?rest_route=%2Fwp%2Fv2%2Fmedia&parent=176"}],"curies":[{"name":"wp","href":"https:\/\/api.w.org\/{rel}","templated":true}]}}