{"id":157,"date":"2020-10-28T20:38:46","date_gmt":"2020-10-28T20:38:46","guid":{"rendered":"http:\/\/wp.okis.hu\/?page_id=157"},"modified":"2020-10-30T13:33:39","modified_gmt":"2020-10-30T13:33:39","slug":"lakossagi-gepjarmu-biztositasok","status":"publish","type":"page","link":"https:\/\/wp.okis.hu\/?page_id=157","title":{"rendered":"Lakoss\u00e1gi g\u00e9pj\u00e1rm\u0171 biztos\u00edt\u00e1sok"},"content":{"rendered":"\n<ul class=\"level1thick wp-block-list\"><li>K\u00f6telez\u0151 g\u00e9pj\u00e1rm\u0171 felel\u0151ss\u00e9g (szem\u00e9lyg\u00e9pkocsi, teherg\u00e9pkocsi, motor, busz, stb.)<\/li><li>Casco (szem\u00e9lyg\u00e9pkocsi, teherg\u00e9pkocsi., motor, stb.)<\/li><li>Kieg\u00e9sz\u00edt\u0151 biztos\u00edt\u00e1sok (p\u00e9ld\u00e1ul jogv\u00e9delem, k\u00f6lcs\u00f6ng\u00e9pj\u00e1rm\u0171, stb.)<\/li><\/ul>\n\n\n\n<p><br ><a href=\"\/?page_id=176\"><img decoding=\"async\" src=\"\/icons\/megkereses-up.png\" alt=\"\" onmouseover=\"this.src='\/icons\/megkereses.png'\" onmouseout=\"this.src='\/icons\/megkereses-up.png'\"><\/a><\/p>\n","protected":false},"excerpt":{"rendered":"<p>K\u00f6telez\u0151 g\u00e9pj\u00e1rm\u0171 felel\u0151ss\u00e9g (szem\u00e9lyg\u00e9pkocsi, teherg\u00e9pkocsi, motor, busz, stb.) Casco (szem\u00e9lyg\u00e9pkocsi, teherg\u00e9pkocsi., motor, stb.) Kieg\u00e9sz\u00edt\u0151 biztos\u00edt\u00e1sok (p\u00e9ld\u00e1ul jogv\u00e9delem, k\u00f6lcs\u00f6ng\u00e9pj\u00e1rm\u0171, stb.)<\/p>\n","protected":false},"author":1,"featured_media":0,"parent":47,"menu_order":0,"comment_status":"closed","ping_status":"closed","template":"","meta":{"footnotes":""},"class_list":["post-157","page","type-page","status-publish","hentry"],"_links":{"self":[{"href":"https:\/\/wp.okis.hu\/index.php?rest_route=\/wp\/v2\/pages\/157","targetHints":{"allow":["GET"]}}],"collection":[{"href":"https:\/\/wp.okis.hu\/index.php?rest_route=\/wp\/v2\/pages"}],"about":[{"href":"https:\/\/wp.okis.hu\/index.php?rest_route=\/wp\/v2\/types\/page"}],"author":[{"embeddable":true,"href":"https:\/\/wp.okis.hu\/index.php?rest_route=\/wp\/v2\/users\/1"}],"replies":[{"embeddable":true,"href":"https:\/\/wp.okis.hu\/index.php?rest_route=%2Fwp%2Fv2%2Fcomments&post=157"}],"version-history":[{"count":3,"href":"https:\/\/wp.okis.hu\/index.php?rest_route=\/wp\/v2\/pages\/157\/revisions"}],"predecessor-version":[{"id":199,"href":"https:\/\/wp.okis.hu\/index.php?rest_route=\/wp\/v2\/pages\/157\/revisions\/199"}],"up":[{"embeddable":true,"href":"https:\/\/wp.okis.hu\/index.php?rest_route=\/wp\/v2\/pages\/47"}],"wp:attachment":[{"href":"https:\/\/wp.okis.hu\/index.php?rest_route=%2Fwp%2Fv2%2Fmedia&parent=157"}],"curies":[{"name":"wp","href":"https:\/\/api.w.org\/{rel}","templated":true}]}}