{"id":155,"date":"2020-10-28T20:37:27","date_gmt":"2020-10-28T20:37:27","guid":{"rendered":"http:\/\/wp.okis.hu\/?page_id=155"},"modified":"2020-10-30T13:34:06","modified_gmt":"2020-10-30T13:34:06","slug":"lakossagi-szemelybiztositasok","status":"publish","type":"page","link":"https:\/\/wp.okis.hu\/?page_id=155","title":{"rendered":"Lakoss\u00e1gi szem\u00e9lybiztos\u00edt\u00e1sok"},"content":{"rendered":"\n<ul class=\"level1thick wp-block-list\"><li>Utas<\/li><li>\u00c9let<\/li><li>Baleset<\/li><li>Betegs\u00e9g<\/li><li>Eg\u00e9szs\u00e9gp\u00e9nzt\u00e1rak<\/li><li>Nyugd\u00edjp\u00e9nzt\u00e1rak (mag\u00e1n \u00e9s \u00f6nk\u00e9ntes)<\/li><\/ul>\n\n\n\n<p><br ><a href=\"\/?page_id=176\"><img decoding=\"async\" src=\"\/icons\/megkereses-up.png\" alt=\"\" onmouseover=\"this.src='\/icons\/megkereses.png'\" onmouseout=\"this.src='\/icons\/megkereses-up.png'\"><\/a><\/p>\n","protected":false},"excerpt":{"rendered":"<p>Utas \u00c9let Baleset Betegs\u00e9g Eg\u00e9szs\u00e9gp\u00e9nzt\u00e1rak Nyugd\u00edjp\u00e9nzt\u00e1rak (mag\u00e1n \u00e9s \u00f6nk\u00e9ntes)<\/p>\n","protected":false},"author":1,"featured_media":0,"parent":47,"menu_order":0,"comment_status":"closed","ping_status":"closed","template":"","meta":{"footnotes":""},"class_list":["post-155","page","type-page","status-publish","hentry"],"_links":{"self":[{"href":"https:\/\/wp.okis.hu\/index.php?rest_route=\/wp\/v2\/pages\/155","targetHints":{"allow":["GET"]}}],"collection":[{"href":"https:\/\/wp.okis.hu\/index.php?rest_route=\/wp\/v2\/pages"}],"about":[{"href":"https:\/\/wp.okis.hu\/index.php?rest_route=\/wp\/v2\/types\/page"}],"author":[{"embeddable":true,"href":"https:\/\/wp.okis.hu\/index.php?rest_route=\/wp\/v2\/users\/1"}],"replies":[{"embeddable":true,"href":"https:\/\/wp.okis.hu\/index.php?rest_route=%2Fwp%2Fv2%2Fcomments&post=155"}],"version-history":[{"count":3,"href":"https:\/\/wp.okis.hu\/index.php?rest_route=\/wp\/v2\/pages\/155\/revisions"}],"predecessor-version":[{"id":200,"href":"https:\/\/wp.okis.hu\/index.php?rest_route=\/wp\/v2\/pages\/155\/revisions\/200"}],"up":[{"embeddable":true,"href":"https:\/\/wp.okis.hu\/index.php?rest_route=\/wp\/v2\/pages\/47"}],"wp:attachment":[{"href":"https:\/\/wp.okis.hu\/index.php?rest_route=%2Fwp%2Fv2%2Fmedia&parent=155"}],"curies":[{"name":"wp","href":"https:\/\/api.w.org\/{rel}","templated":true}]}}