{"id":153,"date":"2020-10-28T20:35:57","date_gmt":"2020-10-28T20:35:57","guid":{"rendered":"http:\/\/wp.okis.hu\/?page_id=153"},"modified":"2020-10-30T13:34:18","modified_gmt":"2020-10-30T13:34:18","slug":"lakossagi-vagyonbiztositas","status":"publish","type":"page","link":"https:\/\/wp.okis.hu\/?page_id=153","title":{"rendered":"Lakoss\u00e1gi vagyonbiztos\u00edt\u00e1s"},"content":{"rendered":"\n<ul class=\"level1thick wp-block-list\"><li>Lak\u00e1s, csal\u00e1di h\u00e1z<\/li><li>\u00c9p\u00edt\u00e9s<\/li><li>Nyaral\u00f3<\/li><li>Elektromos berendez\u00e9sek<\/li><li>Egy\u00e9b egyedi ig\u00e9nyek (pl. m\u0171\u00e9rt\u00e9k)<\/li><\/ul>\n\n\n\n<p><br ><a href=\"\/?page_id=176\"><img decoding=\"async\" src=\"\/icons\/megkereses-up.png\" alt=\"\" onmouseover=\"this.src='\/icons\/megkereses.png'\" onmouseout=\"this.src='\/icons\/megkereses-up.png'\"><\/a><\/p>\n","protected":false},"excerpt":{"rendered":"<p>Lak\u00e1s, csal\u00e1di h\u00e1z \u00c9p\u00edt\u00e9s Nyaral\u00f3 Elektromos berendez\u00e9sek Egy\u00e9b egyedi ig\u00e9nyek (pl. m\u0171\u00e9rt\u00e9k)<\/p>\n","protected":false},"author":1,"featured_media":0,"parent":47,"menu_order":0,"comment_status":"closed","ping_status":"closed","template":"","meta":{"footnotes":""},"class_list":["post-153","page","type-page","status-publish","hentry"],"_links":{"self":[{"href":"https:\/\/wp.okis.hu\/index.php?rest_route=\/wp\/v2\/pages\/153","targetHints":{"allow":["GET"]}}],"collection":[{"href":"https:\/\/wp.okis.hu\/index.php?rest_route=\/wp\/v2\/pages"}],"about":[{"href":"https:\/\/wp.okis.hu\/index.php?rest_route=\/wp\/v2\/types\/page"}],"author":[{"embeddable":true,"href":"https:\/\/wp.okis.hu\/index.php?rest_route=\/wp\/v2\/users\/1"}],"replies":[{"embeddable":true,"href":"https:\/\/wp.okis.hu\/index.php?rest_route=%2Fwp%2Fv2%2Fcomments&post=153"}],"version-history":[{"count":3,"href":"https:\/\/wp.okis.hu\/index.php?rest_route=\/wp\/v2\/pages\/153\/revisions"}],"predecessor-version":[{"id":201,"href":"https:\/\/wp.okis.hu\/index.php?rest_route=\/wp\/v2\/pages\/153\/revisions\/201"}],"up":[{"embeddable":true,"href":"https:\/\/wp.okis.hu\/index.php?rest_route=\/wp\/v2\/pages\/47"}],"wp:attachment":[{"href":"https:\/\/wp.okis.hu\/index.php?rest_route=%2Fwp%2Fv2%2Fmedia&parent=153"}],"curies":[{"name":"wp","href":"https:\/\/api.w.org\/{rel}","templated":true}]}}