{"id":111,"date":"2020-10-28T12:58:21","date_gmt":"2020-10-28T12:58:21","guid":{"rendered":"http:\/\/wp.okis.hu\/?page_id=111"},"modified":"2020-10-30T13:35:13","modified_gmt":"2020-10-30T13:35:13","slug":"vallalati-vagyonbiztositasok","status":"publish","type":"page","link":"https:\/\/wp.okis.hu\/?page_id=111","title":{"rendered":"V\u00e1llalati vagyonbiztos\u00edt\u00e1sok"},"content":{"rendered":"\n<ul class=\"level1thick wp-block-list\"><li>T\u0171z \u00e9s elemi k\u00e1r<\/li><li>Bet\u00f6r\u00e9ses lop\u00e1s \u00e9s rabl\u00e1s<\/li><li>\u00dcvegt\u00f6r\u00e9s<\/li><li>T\u00e1rsash\u00e1zak<\/li><li>Sz\u00e1ll\u00edtm\u00e1ny (belf\u00f6ldi, nemzetk\u00f6zi sz\u00e1ll\u00edtm\u00e1ny)<\/li><li>G\u00e9pt\u00f6r\u00e9s, g\u00e9pszerel\u00e9s<\/li><li>\u00c9p\u00edt\u00e9s- szerel\u00e9s (C.A.R., E.A.R.)<\/li><li>\u00dczemsz\u00fcnet<\/li><li>Sz\u00e1m\u00edt\u00f3g\u00e9pek, elektronikus berendez\u00e9sek<\/li><li>Ki\u00e1ll\u00edt\u00e1s<\/li><li>\u00d6nkorm\u00e1nyzatok<\/li><li>Egyedi vagyonbiztos\u00edt\u00e1s<\/li><\/ul>\n\n\n\n<p><br ><a href=\"\/?page_id=176\"><img decoding=\"async\" src=\"\/icons\/megkereses-up.png\" alt=\"\" onmouseover=\"this.src='\/icons\/megkereses.png'\" onmouseout=\"this.src='\/icons\/megkereses-up.png'\"><\/a><\/p>\n","protected":false},"excerpt":{"rendered":"<p>T\u0171z \u00e9s elemi k\u00e1r Bet\u00f6r\u00e9ses lop\u00e1s \u00e9s rabl\u00e1s \u00dcvegt\u00f6r\u00e9s T\u00e1rsash\u00e1zak Sz\u00e1ll\u00edtm\u00e1ny (belf\u00f6ldi, nemzetk\u00f6zi sz\u00e1ll\u00edtm\u00e1ny) G\u00e9pt\u00f6r\u00e9s, g\u00e9pszerel\u00e9s \u00c9p\u00edt\u00e9s- szerel\u00e9s (C.A.R., E.A.R.) \u00dczemsz\u00fcnet Sz\u00e1m\u00edt\u00f3g\u00e9pek, elektronikus berendez\u00e9sek Ki\u00e1ll\u00edt\u00e1s \u00d6nkorm\u00e1nyzatok Egyedi vagyonbiztos\u00edt\u00e1s<\/p>\n","protected":false},"author":1,"featured_media":0,"parent":47,"menu_order":0,"comment_status":"closed","ping_status":"closed","template":"","meta":{"footnotes":""},"class_list":["post-111","page","type-page","status-publish","hentry"],"_links":{"self":[{"href":"https:\/\/wp.okis.hu\/index.php?rest_route=\/wp\/v2\/pages\/111","targetHints":{"allow":["GET"]}}],"collection":[{"href":"https:\/\/wp.okis.hu\/index.php?rest_route=\/wp\/v2\/pages"}],"about":[{"href":"https:\/\/wp.okis.hu\/index.php?rest_route=\/wp\/v2\/types\/page"}],"author":[{"embeddable":true,"href":"https:\/\/wp.okis.hu\/index.php?rest_route=\/wp\/v2\/users\/1"}],"replies":[{"embeddable":true,"href":"https:\/\/wp.okis.hu\/index.php?rest_route=%2Fwp%2Fv2%2Fcomments&post=111"}],"version-history":[{"count":2,"href":"https:\/\/wp.okis.hu\/index.php?rest_route=\/wp\/v2\/pages\/111\/revisions"}],"predecessor-version":[{"id":205,"href":"https:\/\/wp.okis.hu\/index.php?rest_route=\/wp\/v2\/pages\/111\/revisions\/205"}],"up":[{"embeddable":true,"href":"https:\/\/wp.okis.hu\/index.php?rest_route=\/wp\/v2\/pages\/47"}],"wp:attachment":[{"href":"https:\/\/wp.okis.hu\/index.php?rest_route=%2Fwp%2Fv2%2Fmedia&parent=111"}],"curies":[{"name":"wp","href":"https:\/\/api.w.org\/{rel}","templated":true}]}}